{"id":33,"date":"2022-06-08T11:56:59","date_gmt":"2022-06-08T09:56:59","guid":{"rendered":"http:\/\/cirquedesmirages.fr\/?page_id=33"},"modified":"2022-09-14T12:32:00","modified_gmt":"2022-09-14T10:32:00","slug":"boite-de-pandore","status":"publish","type":"page","link":"https:\/\/cirquedesmirages.fr\/?page_id=33","title":{"rendered":"Bo\u00eete de Pandore"},"content":{"rendered":"\n<p><a href=\"https:\/\/cirquedesmirages.fr\/?page_id=30\">Dates de tourn\u00e9e<\/a><\/p>\n\n\n\n<p><strong>Nouvel album Sortie Septembre 2022<\/strong><\/p>\n\n\n\n<p><a rel=\"noreferrer noopener\" href=\"https:\/\/cirquedesmirages.fr\/?product=album-boite-de-pandore\" target=\"_blank\">Achetez la version num\u00e9rique ici<\/a><\/p>\n\n\n\n<figure class=\"wp-block-image size-large is-resized\"><img loading=\"lazy\" decoding=\"async\" src=\"http:\/\/cirquedesmirages.fr\/wp-content\/uploads\/2022\/06\/LIVRET_CD_BOITE-de-PANDORE_CDM_v1-1024x1024.jpg\" alt=\"\" class=\"wp-image-64\" width=\"512\" height=\"512\" srcset=\"https:\/\/cirquedesmirages.fr\/wp-content\/uploads\/2022\/06\/LIVRET_CD_BOITE-de-PANDORE_CDM_v1-1024x1024.jpg 1024w, https:\/\/cirquedesmirages.fr\/wp-content\/uploads\/2022\/06\/LIVRET_CD_BOITE-de-PANDORE_CDM_v1-250x250.jpg 250w, https:\/\/cirquedesmirages.fr\/wp-content\/uploads\/2022\/06\/LIVRET_CD_BOITE-de-PANDORE_CDM_v1-100x100.jpg 100w, https:\/\/cirquedesmirages.fr\/wp-content\/uploads\/2022\/06\/LIVRET_CD_BOITE-de-PANDORE_CDM_v1-350x350.jpg 350w, https:\/\/cirquedesmirages.fr\/wp-content\/uploads\/2022\/06\/LIVRET_CD_BOITE-de-PANDORE_CDM_v1-300x300.jpg 300w, https:\/\/cirquedesmirages.fr\/wp-content\/uploads\/2022\/06\/LIVRET_CD_BOITE-de-PANDORE_CDM_v1-150x150.jpg 150w, https:\/\/cirquedesmirages.fr\/wp-content\/uploads\/2022\/06\/LIVRET_CD_BOITE-de-PANDORE_CDM_v1-768x768.jpg 768w, https:\/\/cirquedesmirages.fr\/wp-content\/uploads\/2022\/06\/LIVRET_CD_BOITE-de-PANDORE_CDM_v1.jpg 1417w\" sizes=\"auto, (max-width: 512px) 100vw, 512px\" \/><\/figure>\n\n\n\n<p><strong>&nbsp;Apr\u00e8s vingt ans de tourn\u00e9es prestigieuses, le duo mythique du \u00ab&nbsp;Cirque des Mirages&nbsp;\u00bb nous revient avec un tout nouvel album et un nouveau spectacle intitul\u00e9 \u00ab&nbsp;Bo\u00eete de Pandore&nbsp;\u00bb.<\/strong>&nbsp;<\/p>\n\n\n\n<p>&nbsp;&nbsp;&nbsp;&nbsp;&nbsp;&nbsp;&nbsp;&nbsp;&nbsp;On trouvera dans cette bo\u00eete \u00e0 myst\u00e8re un floril\u00e8ge de leurs chansons les plus scintillantes ainsi que de nombreux titres in\u00e9dits dont eux seuls poss\u00e8dent le secret.&nbsp;&nbsp;<\/p>\n\n\n\n<p>&nbsp;&nbsp;&nbsp;&nbsp;&nbsp;&nbsp;&nbsp;&nbsp;&nbsp;C\u2019est en effet un cort\u00e8ge de personnages et d\u2019histoires plus fascinantes les unes que les autres que les deux alchimistes convoquent de nouveau sur sc\u00e8ne pour ce nouvel opus&nbsp;; une peste singuli\u00e8re qui s\u2019abat sur la ville, un \u00e9trange voisin qui change ses victimes en poup\u00e9es de cire, une vente aux ench\u00e8res diabolique, un \u00e9crivain qui voit son h\u00e9ros s\u2019\u00e9chapper de son livre\u2026<\/p>\n\n\n\n<p>&nbsp;&nbsp;&nbsp;&nbsp;&nbsp;&nbsp;&nbsp;&nbsp;&nbsp;&nbsp;Tour \u00e0 tour dr\u00f4les, po\u00e9tiques, insolents, d\u00e9brid\u00e9s, lyriques, fantasmagoriques, les chansons du fameux duo sont autant de sc\u00e9nettes qui nous conduisent dans les m\u00e9andres de l\u2019inconscient.<\/p>\n\n\n\n<p>&nbsp;&nbsp;&nbsp;&nbsp;&nbsp;&nbsp;&nbsp;&nbsp;&nbsp;&nbsp;Car si les ma\u00eetres de la chanson expressionniste font r\u00e9f\u00e9rence au mythe d\u2019H\u00e9siode, c\u2019est qu\u2019ils se sont donn\u00e9s pour mission, et ce depuis toujours, d\u2019explorer les mille facettes de l\u2019\u00e2me humaine afin de les r\u00e9v\u00e9ler au grand jour. C\u2019est surtout qu\u2019ils ont \u00e0 c\u0153ur de montrer la folie et la d\u00e9mesure de notre \u00e9poque, d\u2019en d\u00e9voiler l\u2019absurdit\u00e9 et la beaut\u00e9, convaincus que les artistes et les po\u00e8tes sont les antennes de notre civilisation.<\/p>\n\n\n\n<p>Un tourbillon d\u2019image et d\u2019illusions qui donne l\u2019eau \u00e0 la bouche et laisse \u00e0 pr\u00e9sager que cette bo\u00eete sera finalement difficile \u00e0 refermer&nbsp;!!!!<\/p>\n","protected":false},"excerpt":{"rendered":"<p>Dates de tourn\u00e9e Nouvel album Sortie Septembre 2022 Achetez la version num\u00e9rique ici &nbsp;Apr\u00e8s vingt ans de tourn\u00e9es prestigieuses, le duo mythique du \u00ab&nbsp;Cirque des Mirages&nbsp;\u00bb nous revient avec un tout nouvel album et un nouveau spectacle intitul\u00e9 \u00ab&nbsp;Bo\u00eete de Pandore&nbsp;\u00bb.&nbsp; &nbsp;&nbsp;&nbsp;&nbsp;&nbsp;&nbsp;&nbsp;&nbsp;&nbsp;On trouvera dans cette bo\u00eete \u00e0 myst\u00e8re un floril\u00e8ge de leurs chansons les plus &hellip; <\/p>\n<p class=\"link-more\"><a href=\"https:\/\/cirquedesmirages.fr\/?page_id=33\" class=\"more-link\">Continue reading<span class=\"screen-reader-text\"> &#8220;Bo\u00eete de Pandore&#8221;<\/span><\/a><\/p>\n","protected":false},"author":1,"featured_media":0,"parent":0,"menu_order":0,"comment_status":"closed","ping_status":"closed","template":"","meta":{"footnotes":""},"class_list":["post-33","page","type-page","status-publish","hentry"],"jetpack_sharing_enabled":true,"_links":{"self":[{"href":"https:\/\/cirquedesmirages.fr\/index.php?rest_route=\/wp\/v2\/pages\/33","targetHints":{"allow":["GET"]}}],"collection":[{"href":"https:\/\/cirquedesmirages.fr\/index.php?rest_route=\/wp\/v2\/pages"}],"about":[{"href":"https:\/\/cirquedesmirages.fr\/index.php?rest_route=\/wp\/v2\/types\/page"}],"author":[{"embeddable":true,"href":"https:\/\/cirquedesmirages.fr\/index.php?rest_route=\/wp\/v2\/users\/1"}],"replies":[{"embeddable":true,"href":"https:\/\/cirquedesmirages.fr\/index.php?rest_route=%2Fwp%2Fv2%2Fcomments&post=33"}],"version-history":[{"count":5,"href":"https:\/\/cirquedesmirages.fr\/index.php?rest_route=\/wp\/v2\/pages\/33\/revisions"}],"predecessor-version":[{"id":137,"href":"https:\/\/cirquedesmirages.fr\/index.php?rest_route=\/wp\/v2\/pages\/33\/revisions\/137"}],"wp:attachment":[{"href":"https:\/\/cirquedesmirages.fr\/index.php?rest_route=%2Fwp%2Fv2%2Fmedia&parent=33"}],"curies":[{"name":"wp","href":"https:\/\/api.w.org\/{rel}","templated":true}]}}